{"id":98,"date":"2018-11-03T13:55:44","date_gmt":"2018-11-03T12:55:44","guid":{"rendered":"http:\/\/dutemps-psychologue.fr\/?page_id=98"},"modified":"2024-07-29T20:59:45","modified_gmt":"2024-07-29T18:59:45","slug":"tarifs","status":"publish","type":"page","link":"https:\/\/dutemps-psychologue.fr\/?page_id=98","title":{"rendered":"Tarifs"},"content":{"rendered":"<p>Honoraires consultation (45\/50 minutes):<\/p>\n<p>85 \u20ac<\/p>\n<p>Les r\u00e8glements se font \u00e0 chaque s\u00e9ance, vous pouvez r\u00e9gler par ch\u00e8que, virement ou esp\u00e8ces.<\/p>\n<p>Toute s\u00e9ance non d\u00e9command\u00e9e 24h \u00e0 l&#8217;avance est due.<\/p>\n","protected":false},"excerpt":{"rendered":"<p>Honoraires consultation (45\/50 minutes): 85 \u20ac Les r\u00e8glements se font \u00e0 chaque s\u00e9ance, vous pouvez r\u00e9gler par ch\u00e8que, virement ou esp\u00e8ces. Toute s\u00e9ance non d\u00e9command\u00e9e 24h \u00e0 l&#8217;avance est due.<\/p>\n","protected":false},"author":1,"featured_media":0,"parent":9,"menu_order":1,"comment_status":"closed","ping_status":"closed","template":"","meta":{"footnotes":""},"class_list":["post-98","page","type-page","status-publish","hentry"],"_links":{"self":[{"href":"https:\/\/dutemps-psychologue.fr\/index.php?rest_route=\/wp\/v2\/pages\/98","targetHints":{"allow":["GET"]}}],"collection":[{"href":"https:\/\/dutemps-psychologue.fr\/index.php?rest_route=\/wp\/v2\/pages"}],"about":[{"href":"https:\/\/dutemps-psychologue.fr\/index.php?rest_route=\/wp\/v2\/types\/page"}],"author":[{"embeddable":true,"href":"https:\/\/dutemps-psychologue.fr\/index.php?rest_route=\/wp\/v2\/users\/1"}],"replies":[{"embeddable":true,"href":"https:\/\/dutemps-psychologue.fr\/index.php?rest_route=%2Fwp%2Fv2%2Fcomments&post=98"}],"version-history":[{"count":11,"href":"https:\/\/dutemps-psychologue.fr\/index.php?rest_route=\/wp\/v2\/pages\/98\/revisions"}],"predecessor-version":[{"id":456,"href":"https:\/\/dutemps-psychologue.fr\/index.php?rest_route=\/wp\/v2\/pages\/98\/revisions\/456"}],"up":[{"embeddable":true,"href":"https:\/\/dutemps-psychologue.fr\/index.php?rest_route=\/wp\/v2\/pages\/9"}],"wp:attachment":[{"href":"https:\/\/dutemps-psychologue.fr\/index.php?rest_route=%2Fwp%2Fv2%2Fmedia&parent=98"}],"curies":[{"name":"wp","href":"https:\/\/api.w.org\/{rel}","templated":true}]}}