{"id":94,"date":"2018-11-03T13:49:39","date_gmt":"2018-11-03T12:49:39","guid":{"rendered":"http:\/\/dutemps-psychologue.fr\/?page_id=94"},"modified":"2021-01-10T13:58:36","modified_gmt":"2021-01-10T12:58:36","slug":"mon-expertise","status":"publish","type":"page","link":"https:\/\/dutemps-psychologue.fr\/?page_id=94","title":{"rendered":"Mon expertise"},"content":{"rendered":"\n<p>Apr\u00e8s les affections de l&#8217;appareil locomoteur, la souffrance psychique caus\u00e9e ou aggrav\u00e9e par le travail est le deuxi\u00e8me groupe d&#8217;affections d&#8217;origine professionnelle d\u00e9crit dans la population salari\u00e9e active.<\/p>\n\n\n\n<p>Le guide d&#8217;aide \u00e0 la pr\u00e9vention publi\u00e9 par l&#8217;INRS, l&#8217;ANACT et la DGT recommande un arr\u00eat maladie et une prise en charge th\u00e9rapeutique de type TCC.<\/p>\n\n\n\n<p>Seules les th\u00e9rapies comportementales et cognitives font preuve de leur efficacit\u00e9 dans ces pathologies, selon les derni\u00e8res recherches.<\/p>\n\n\n\n<p>Dans le cadre de mon DU de TCC, j&#8217;ai travaill\u00e9 sur les processus d&#8217;\u00e9puisement professionnel (stress chronique et stress aigu, burn out, \u00e9puisement compassionnel, workaholisme et bore out).<\/p>\n\n\n\n<p>Ma pratique de th\u00e9rapeute TCC se nourrit de mon exp\u00e9rience de psychologue dans le domaine du travail et de mes multiples accompagnements de personnes en situation de burn out.<\/p>\n\n\n\n<p><\/p>\n\n\n\n<p><\/p>\n","protected":false},"excerpt":{"rendered":"<p>Apr\u00e8s les affections de l&#8217;appareil locomoteur, la souffrance psychique caus\u00e9e ou aggrav\u00e9e par le travail est le deuxi\u00e8me groupe d&#8217;affections d&#8217;origine professionnelle d\u00e9crit dans la population salari\u00e9e active. Le guide d&#8217;aide \u00e0 la pr\u00e9vention publi\u00e9 par l&#8217;INRS, l&#8217;ANACT et la DGT recommande un arr\u00eat maladie et une prise en charge th\u00e9rapeutique de type TCC. Seules &hellip; <a href=\"https:\/\/dutemps-psychologue.fr\/?page_id=94\" class=\"more-link\">Continuer la lecture de <span class=\"screen-reader-text\">Mon expertise<\/span><\/a><\/p>\n","protected":false},"author":1,"featured_media":0,"parent":67,"menu_order":3,"comment_status":"closed","ping_status":"closed","template":"","meta":{"footnotes":""},"class_list":["post-94","page","type-page","status-publish","hentry"],"_links":{"self":[{"href":"https:\/\/dutemps-psychologue.fr\/index.php?rest_route=\/wp\/v2\/pages\/94","targetHints":{"allow":["GET"]}}],"collection":[{"href":"https:\/\/dutemps-psychologue.fr\/index.php?rest_route=\/wp\/v2\/pages"}],"about":[{"href":"https:\/\/dutemps-psychologue.fr\/index.php?rest_route=\/wp\/v2\/types\/page"}],"author":[{"embeddable":true,"href":"https:\/\/dutemps-psychologue.fr\/index.php?rest_route=\/wp\/v2\/users\/1"}],"replies":[{"embeddable":true,"href":"https:\/\/dutemps-psychologue.fr\/index.php?rest_route=%2Fwp%2Fv2%2Fcomments&post=94"}],"version-history":[{"count":9,"href":"https:\/\/dutemps-psychologue.fr\/index.php?rest_route=\/wp\/v2\/pages\/94\/revisions"}],"predecessor-version":[{"id":407,"href":"https:\/\/dutemps-psychologue.fr\/index.php?rest_route=\/wp\/v2\/pages\/94\/revisions\/407"}],"up":[{"embeddable":true,"href":"https:\/\/dutemps-psychologue.fr\/index.php?rest_route=\/wp\/v2\/pages\/67"}],"wp:attachment":[{"href":"https:\/\/dutemps-psychologue.fr\/index.php?rest_route=%2Fwp%2Fv2%2Fmedia&parent=94"}],"curies":[{"name":"wp","href":"https:\/\/api.w.org\/{rel}","templated":true}]}}