{"id":90,"date":"2018-11-03T13:49:11","date_gmt":"2018-11-03T12:49:11","guid":{"rendered":"http:\/\/dutemps-psychologue.fr\/?page_id=90"},"modified":"2024-07-29T21:03:38","modified_gmt":"2024-07-29T19:03:38","slug":"ma-formation","status":"publish","type":"page","link":"https:\/\/dutemps-psychologue.fr\/?page_id=90","title":{"rendered":"Ma formation"},"content":{"rendered":"<p>DESS de Psychologie, Universit\u00e9 Paris Diderot, 1994.<\/p>\n<p>Dipl\u00f4me Universitaire de Th\u00e9rapies Comportementales et Cognitives, Universit\u00e9 Paris Descartes, sp\u00e9cialisation en 2 ann\u00e9es, 2016\/2018.<\/p>\n<p>Formation ACT, 2021<\/p>\n<p>Membre de l\u2019<a href=\"http:\/\/www.aftcc.org\/\">Association Fran\u00e7aise de Th\u00e9rapies Comportementales et Cognitives<\/a>\u00a0(AFTCC).<\/p>\n","protected":false},"excerpt":{"rendered":"<p>DESS de Psychologie, Universit\u00e9 Paris Diderot, 1994. Dipl\u00f4me Universitaire de Th\u00e9rapies Comportementales et Cognitives, Universit\u00e9 Paris Descartes, sp\u00e9cialisation en 2 ann\u00e9es, 2016\/2018. Formation ACT, 2021 Membre de l\u2019Association Fran\u00e7aise de Th\u00e9rapies Comportementales et Cognitives\u00a0(AFTCC).<\/p>\n","protected":false},"author":1,"featured_media":0,"parent":67,"menu_order":1,"comment_status":"closed","ping_status":"closed","template":"","meta":{"footnotes":""},"class_list":["post-90","page","type-page","status-publish","hentry"],"_links":{"self":[{"href":"https:\/\/dutemps-psychologue.fr\/index.php?rest_route=\/wp\/v2\/pages\/90","targetHints":{"allow":["GET"]}}],"collection":[{"href":"https:\/\/dutemps-psychologue.fr\/index.php?rest_route=\/wp\/v2\/pages"}],"about":[{"href":"https:\/\/dutemps-psychologue.fr\/index.php?rest_route=\/wp\/v2\/types\/page"}],"author":[{"embeddable":true,"href":"https:\/\/dutemps-psychologue.fr\/index.php?rest_route=\/wp\/v2\/users\/1"}],"replies":[{"embeddable":true,"href":"https:\/\/dutemps-psychologue.fr\/index.php?rest_route=%2Fwp%2Fv2%2Fcomments&post=90"}],"version-history":[{"count":7,"href":"https:\/\/dutemps-psychologue.fr\/index.php?rest_route=\/wp\/v2\/pages\/90\/revisions"}],"predecessor-version":[{"id":458,"href":"https:\/\/dutemps-psychologue.fr\/index.php?rest_route=\/wp\/v2\/pages\/90\/revisions\/458"}],"up":[{"embeddable":true,"href":"https:\/\/dutemps-psychologue.fr\/index.php?rest_route=\/wp\/v2\/pages\/67"}],"wp:attachment":[{"href":"https:\/\/dutemps-psychologue.fr\/index.php?rest_route=%2Fwp%2Fv2%2Fmedia&parent=90"}],"curies":[{"name":"wp","href":"https:\/\/api.w.org\/{rel}","templated":true}]}}