{"id":7,"date":"2018-11-02T19:59:55","date_gmt":"2018-11-02T18:59:55","guid":{"rendered":"http:\/\/dutemps-psychologue.fr\/?page_id=7"},"modified":"2021-09-17T09:01:42","modified_gmt":"2021-09-17T07:01:42","slug":"accueil","status":"publish","type":"page","link":"https:\/\/dutemps-psychologue.fr\/","title":{"rendered":"Accueil"},"content":{"rendered":"<p>En guise de premiers mots, je vous dirai qu&#8217;une psychoth\u00e9rapie est avant tout une rencontre entre deux personnes. Cependant, ce site pourra \u00e9claircir certaines de vos interrogations et tout particuli\u00e8rement vous renseigner sur les Th\u00e9rapies Comportementales et Cognitives (TCC).<\/p>\n<p>N&#8217;h\u00e9sitez pas \u00e0 me poser toutes vos autres questions:<br \/>dutemps.sandrine@gmail.com<br \/>06 68 58 55 82<\/p>\n<p>Je vous r\u00e9ponds sous 24h.<\/p>\n\n\n<p><\/p>\n","protected":false},"excerpt":{"rendered":"<p>En guise de premiers mots, je vous dirai qu&#8217;une psychoth\u00e9rapie est avant tout une rencontre entre deux personnes. Cependant, ce site pourra \u00e9claircir certaines de vos interrogations et tout particuli\u00e8rement vous renseigner sur les Th\u00e9rapies Comportementales et Cognitives (TCC). N&#8217;h\u00e9sitez pas \u00e0 me poser toutes vos autres questions:dutemps.sandrine@gmail.com06 68 58 55 82 Je vous r\u00e9ponds &hellip; <a href=\"https:\/\/dutemps-psychologue.fr\/\" class=\"more-link\">Continuer la lecture de <span class=\"screen-reader-text\">Accueil<\/span><\/a><\/p>\n","protected":false},"author":1,"featured_media":0,"parent":0,"menu_order":0,"comment_status":"closed","ping_status":"closed","template":"","meta":{"footnotes":""},"class_list":["post-7","page","type-page","status-publish","hentry"],"_links":{"self":[{"href":"https:\/\/dutemps-psychologue.fr\/index.php?rest_route=\/wp\/v2\/pages\/7","targetHints":{"allow":["GET"]}}],"collection":[{"href":"https:\/\/dutemps-psychologue.fr\/index.php?rest_route=\/wp\/v2\/pages"}],"about":[{"href":"https:\/\/dutemps-psychologue.fr\/index.php?rest_route=\/wp\/v2\/types\/page"}],"author":[{"embeddable":true,"href":"https:\/\/dutemps-psychologue.fr\/index.php?rest_route=\/wp\/v2\/users\/1"}],"replies":[{"embeddable":true,"href":"https:\/\/dutemps-psychologue.fr\/index.php?rest_route=%2Fwp%2Fv2%2Fcomments&post=7"}],"version-history":[{"count":21,"href":"https:\/\/dutemps-psychologue.fr\/index.php?rest_route=\/wp\/v2\/pages\/7\/revisions"}],"predecessor-version":[{"id":427,"href":"https:\/\/dutemps-psychologue.fr\/index.php?rest_route=\/wp\/v2\/pages\/7\/revisions\/427"}],"wp:attachment":[{"href":"https:\/\/dutemps-psychologue.fr\/index.php?rest_route=%2Fwp%2Fv2%2Fmedia&parent=7"}],"curies":[{"name":"wp","href":"https:\/\/api.w.org\/{rel}","templated":true}]}}