{"id":67,"date":"2018-11-03T12:37:58","date_gmt":"2018-11-03T11:37:58","guid":{"rendered":"http:\/\/dutemps-psychologue.fr\/?page_id=67"},"modified":"2024-07-29T21:28:35","modified_gmt":"2024-07-29T19:28:35","slug":"qui-suis-je","status":"publish","type":"page","link":"https:\/\/dutemps-psychologue.fr\/?page_id=67","title":{"rendered":"Qui suis-je?"},"content":{"rendered":"<p>Psychologue dipl\u00f4m\u00e9e depuis plus de 25 ans, je me suis sp\u00e9cialis\u00e9e en Th\u00e9rapies Comportementales et Cognitives (TCC) \u00e0 l&#8217;Universit\u00e9 Paris Descartes.<\/p>\n<p>J&#8217;exerce mon m\u00e9tier en cabinet lib\u00e9ral et \u00e0 l&#8217;H\u00f4pital Saint Joseph, Paris.<\/p>\n","protected":false},"excerpt":{"rendered":"<p>Psychologue dipl\u00f4m\u00e9e depuis plus de 25 ans, je me suis sp\u00e9cialis\u00e9e en Th\u00e9rapies Comportementales et Cognitives (TCC) \u00e0 l&#8217;Universit\u00e9 Paris Descartes. J&#8217;exerce mon m\u00e9tier en cabinet lib\u00e9ral et \u00e0 l&#8217;H\u00f4pital Saint Joseph, Paris.<\/p>\n","protected":false},"author":1,"featured_media":0,"parent":0,"menu_order":2,"comment_status":"closed","ping_status":"closed","template":"","meta":{"footnotes":""},"class_list":["post-67","page","type-page","status-publish","hentry"],"_links":{"self":[{"href":"https:\/\/dutemps-psychologue.fr\/index.php?rest_route=\/wp\/v2\/pages\/67","targetHints":{"allow":["GET"]}}],"collection":[{"href":"https:\/\/dutemps-psychologue.fr\/index.php?rest_route=\/wp\/v2\/pages"}],"about":[{"href":"https:\/\/dutemps-psychologue.fr\/index.php?rest_route=\/wp\/v2\/types\/page"}],"author":[{"embeddable":true,"href":"https:\/\/dutemps-psychologue.fr\/index.php?rest_route=\/wp\/v2\/users\/1"}],"replies":[{"embeddable":true,"href":"https:\/\/dutemps-psychologue.fr\/index.php?rest_route=%2Fwp%2Fv2%2Fcomments&post=67"}],"version-history":[{"count":18,"href":"https:\/\/dutemps-psychologue.fr\/index.php?rest_route=\/wp\/v2\/pages\/67\/revisions"}],"predecessor-version":[{"id":459,"href":"https:\/\/dutemps-psychologue.fr\/index.php?rest_route=\/wp\/v2\/pages\/67\/revisions\/459"}],"wp:attachment":[{"href":"https:\/\/dutemps-psychologue.fr\/index.php?rest_route=%2Fwp%2Fv2%2Fmedia&parent=67"}],"curies":[{"name":"wp","href":"https:\/\/api.w.org\/{rel}","templated":true}]}}