{"id":296,"date":"2018-12-25T21:07:49","date_gmt":"2018-12-25T20:07:49","guid":{"rendered":"http:\/\/dutemps-psychologue.fr\/?page_id=296"},"modified":"2018-12-25T21:07:49","modified_gmt":"2018-12-25T20:07:49","slug":"et-en-pratique","status":"publish","type":"page","link":"https:\/\/dutemps-psychologue.fr\/?page_id=296","title":{"rendered":"Et en pratique ?"},"content":{"rendered":"\n<p>La th\u00e9rapie d&#8217;orientation TCC se donne comme objectif\nde transformer le comportement probl\u00e8me par un comportement adapt\u00e9, pour vous. <\/p>\n\n\n\n<p>Petit \u00e0 petit, par des apprentissages de nouveaux\ncomportements, le th\u00e9rapeute et le patient vont modifier les r\u00e9ponses\nautomatiques et faire diminuer voire supprimer le comportement probl\u00e8me. Cela\nse fait&nbsp;<strong><em>\u00e9tape par \u00e9tape<\/em><\/strong>.<\/p>\n\n\n\n<p>Pour cela, le th\u00e9rapeute s\u2019int\u00e9resse&nbsp;<strong><em>aux\ncauses actuelles du comportement inadapt\u00e9<\/em><\/strong>, en visant le changement\ndurable comme un crit\u00e8re de r\u00e9ussite dans le travail th\u00e9rapeutique. Cela se\nfait en concertation avec le patient, en fonction de ce qu&#8217;il souhaite et de ce\nqu&#8217;il est possible de mettre en place.<\/p>\n\n\n\n<p>Apr\u00e8s avoir \u00e9valu\u00e9 le comportement probl\u00e8me, son\nfonctionnement et son intensit\u00e9, on propose une \u00e9volution progressive\nd\u2019apprentissage afin de le r\u00e9duire ou de le faire dispara\u00eetre. Ce sont des\nobjectifs fix\u00e9s en d\u00e9but de th\u00e9rapie et \u00e9labor\u00e9s&nbsp;<strong><em>avec le patient<\/em><\/strong>.<\/p>\n","protected":false},"excerpt":{"rendered":"<p>La th\u00e9rapie d&#8217;orientation TCC se donne comme objectif de transformer le comportement probl\u00e8me par un comportement adapt\u00e9, pour vous. Petit \u00e0 petit, par des apprentissages de nouveaux comportements, le th\u00e9rapeute et le patient vont modifier les r\u00e9ponses automatiques et faire diminuer voire supprimer le comportement probl\u00e8me. Cela se fait&nbsp;\u00e9tape par \u00e9tape. Pour cela, le th\u00e9rapeute &hellip; <a href=\"https:\/\/dutemps-psychologue.fr\/?page_id=296\" class=\"more-link\">Continuer la lecture de <span class=\"screen-reader-text\">Et en pratique ?<\/span><\/a><\/p>\n","protected":false},"author":1,"featured_media":0,"parent":0,"menu_order":0,"comment_status":"closed","ping_status":"closed","template":"","meta":{"footnotes":""},"class_list":["post-296","page","type-page","status-publish","hentry"],"_links":{"self":[{"href":"https:\/\/dutemps-psychologue.fr\/index.php?rest_route=\/wp\/v2\/pages\/296","targetHints":{"allow":["GET"]}}],"collection":[{"href":"https:\/\/dutemps-psychologue.fr\/index.php?rest_route=\/wp\/v2\/pages"}],"about":[{"href":"https:\/\/dutemps-psychologue.fr\/index.php?rest_route=\/wp\/v2\/types\/page"}],"author":[{"embeddable":true,"href":"https:\/\/dutemps-psychologue.fr\/index.php?rest_route=\/wp\/v2\/users\/1"}],"replies":[{"embeddable":true,"href":"https:\/\/dutemps-psychologue.fr\/index.php?rest_route=%2Fwp%2Fv2%2Fcomments&post=296"}],"version-history":[{"count":1,"href":"https:\/\/dutemps-psychologue.fr\/index.php?rest_route=\/wp\/v2\/pages\/296\/revisions"}],"predecessor-version":[{"id":297,"href":"https:\/\/dutemps-psychologue.fr\/index.php?rest_route=\/wp\/v2\/pages\/296\/revisions\/297"}],"wp:attachment":[{"href":"https:\/\/dutemps-psychologue.fr\/index.php?rest_route=%2Fwp%2Fv2%2Fmedia&parent=296"}],"curies":[{"name":"wp","href":"https:\/\/api.w.org\/{rel}","templated":true}]}}