{"id":289,"date":"2018-12-25T20:58:22","date_gmt":"2018-12-25T19:58:22","guid":{"rendered":"http:\/\/dutemps-psychologue.fr\/?page_id=289"},"modified":"2018-12-25T21:19:39","modified_gmt":"2018-12-25T20:19:39","slug":"est-ce-que-cest-efficace-une-tcc","status":"publish","type":"page","link":"https:\/\/dutemps-psychologue.fr\/?page_id=289","title":{"rendered":"Est-ce efficace, une TCC ?"},"content":{"rendered":"\n<p>Oui, de nombreuses \u00e9tudes scientifiques se\nsont int\u00e9ress\u00e9es \u00e0 l\u2019efficacit\u00e9 des th\u00e9rapies comportementales et cognitives en\nfonction de plusieurs probl\u00e9matiques diff\u00e9rentes. Elles sont efficaces dans de\nnombreuses situations, parfois associ\u00e9es \u00e0 une prise m\u00e9dicamenteuse (source <a href=\"http:\/\/www.aftcc.org\/les-therapies-comportementales-et-cognitives\">AFTCC, 2015<\/a>).<\/p>\n","protected":false},"excerpt":{"rendered":"<p>Oui, de nombreuses \u00e9tudes scientifiques se sont int\u00e9ress\u00e9es \u00e0 l\u2019efficacit\u00e9 des th\u00e9rapies comportementales et cognitives en fonction de plusieurs probl\u00e9matiques diff\u00e9rentes. Elles sont efficaces dans de nombreuses situations, parfois associ\u00e9es \u00e0 une prise m\u00e9dicamenteuse (source AFTCC, 2015).<\/p>\n","protected":false},"author":1,"featured_media":0,"parent":8,"menu_order":0,"comment_status":"closed","ping_status":"closed","template":"","meta":{"footnotes":""},"class_list":["post-289","page","type-page","status-publish","hentry"],"_links":{"self":[{"href":"https:\/\/dutemps-psychologue.fr\/index.php?rest_route=\/wp\/v2\/pages\/289","targetHints":{"allow":["GET"]}}],"collection":[{"href":"https:\/\/dutemps-psychologue.fr\/index.php?rest_route=\/wp\/v2\/pages"}],"about":[{"href":"https:\/\/dutemps-psychologue.fr\/index.php?rest_route=\/wp\/v2\/types\/page"}],"author":[{"embeddable":true,"href":"https:\/\/dutemps-psychologue.fr\/index.php?rest_route=\/wp\/v2\/users\/1"}],"replies":[{"embeddable":true,"href":"https:\/\/dutemps-psychologue.fr\/index.php?rest_route=%2Fwp%2Fv2%2Fcomments&post=289"}],"version-history":[{"count":3,"href":"https:\/\/dutemps-psychologue.fr\/index.php?rest_route=\/wp\/v2\/pages\/289\/revisions"}],"predecessor-version":[{"id":295,"href":"https:\/\/dutemps-psychologue.fr\/index.php?rest_route=\/wp\/v2\/pages\/289\/revisions\/295"}],"up":[{"embeddable":true,"href":"https:\/\/dutemps-psychologue.fr\/index.php?rest_route=\/wp\/v2\/pages\/8"}],"wp:attachment":[{"href":"https:\/\/dutemps-psychologue.fr\/index.php?rest_route=%2Fwp%2Fv2%2Fmedia&parent=289"}],"curies":[{"name":"wp","href":"https:\/\/api.w.org\/{rel}","templated":true}]}}