{"id":102,"date":"2018-11-03T13:57:57","date_gmt":"2018-11-03T12:57:57","guid":{"rendered":"http:\/\/dutemps-psychologue.fr\/?page_id=102"},"modified":"2024-07-29T21:02:32","modified_gmt":"2024-07-29T19:02:32","slug":"comment-prendre-rendez-vous","status":"publish","type":"page","link":"https:\/\/dutemps-psychologue.fr\/?page_id=102","title":{"rendered":"Les rendez-vous"},"content":{"rendered":"<p>Le cabinet est ouvert les lundi et mardi de 13h \u00e0 19h et les mercredi et vendredi de 13h \u00e0 20h.<\/p>\n<p>La prise de rendez-vous se fait par t\u00e9l\u00e9phone au 06 68 58 55 82.<\/p>\n<p>Il s&#8217;agit d&#8217;une prise de contact permettant de comprendre votre demande et vos disponibilit\u00e9s.<\/p>\n<p>La premi\u00e8re s\u00e9ance permet d&#8217;aborder vos questionnements et de cibler ce que vous attendez de la th\u00e9rapie. L&#8217;objectif et la fr\u00e9quence des s\u00e9ances y sont \u00e9tablis en collaboration avec vous.<\/p>\n","protected":false},"excerpt":{"rendered":"<p>Le cabinet est ouvert les lundi et mardi de 13h \u00e0 19h et les mercredi et vendredi de 13h \u00e0 20h. La prise de rendez-vous se fait par t\u00e9l\u00e9phone au 06 68 58 55 82. Il s&#8217;agit d&#8217;une prise de contact permettant de comprendre votre demande et vos disponibilit\u00e9s. La premi\u00e8re s\u00e9ance permet d&#8217;aborder vos &hellip; <a href=\"https:\/\/dutemps-psychologue.fr\/?page_id=102\" class=\"more-link\">Continuer la lecture de <span class=\"screen-reader-text\">Les rendez-vous<\/span><\/a><\/p>\n","protected":false},"author":1,"featured_media":0,"parent":9,"menu_order":1,"comment_status":"closed","ping_status":"closed","template":"","meta":{"footnotes":""},"class_list":["post-102","page","type-page","status-publish","hentry"],"_links":{"self":[{"href":"https:\/\/dutemps-psychologue.fr\/index.php?rest_route=\/wp\/v2\/pages\/102","targetHints":{"allow":["GET"]}}],"collection":[{"href":"https:\/\/dutemps-psychologue.fr\/index.php?rest_route=\/wp\/v2\/pages"}],"about":[{"href":"https:\/\/dutemps-psychologue.fr\/index.php?rest_route=\/wp\/v2\/types\/page"}],"author":[{"embeddable":true,"href":"https:\/\/dutemps-psychologue.fr\/index.php?rest_route=\/wp\/v2\/users\/1"}],"replies":[{"embeddable":true,"href":"https:\/\/dutemps-psychologue.fr\/index.php?rest_route=%2Fwp%2Fv2%2Fcomments&post=102"}],"version-history":[{"count":27,"href":"https:\/\/dutemps-psychologue.fr\/index.php?rest_route=\/wp\/v2\/pages\/102\/revisions"}],"predecessor-version":[{"id":457,"href":"https:\/\/dutemps-psychologue.fr\/index.php?rest_route=\/wp\/v2\/pages\/102\/revisions\/457"}],"up":[{"embeddable":true,"href":"https:\/\/dutemps-psychologue.fr\/index.php?rest_route=\/wp\/v2\/pages\/9"}],"wp:attachment":[{"href":"https:\/\/dutemps-psychologue.fr\/index.php?rest_route=%2Fwp%2Fv2%2Fmedia&parent=102"}],"curies":[{"name":"wp","href":"https:\/\/api.w.org\/{rel}","templated":true}]}}